

{"id":7,"date":"2021-02-03T16:55:39","date_gmt":"2021-02-03T16:55:39","guid":{"rendered":"https:\/\/jcgarnier.ynh.fr\/blog\/?page_id=7"},"modified":"2025-11-09T15:12:11","modified_gmt":"2025-11-09T15:12:11","slug":"contact","status":"publish","type":"page","link":"https:\/\/idei-lx.fr\/idei\/contact\/","title":{"rendered":"Contact"},"content":{"rendered":"\n<hr class=\"wp-block-separator has-css-opacity eplus-gxhD05\"\/>\n\n\n\n<h1 class=\"wp-block-heading has-text-align-center eplus-s9bDPC\">Contact<\/h1>\n\n\n\n<figure style=\"margin-top:var(--wp--preset--spacing--70);margin-right:var(--wp--preset--spacing--80);margin-bottom:var(--wp--preset--spacing--70);margin-left:var(--wp--preset--spacing--80);padding-top:var(--wp--preset--spacing--70);padding-right:var(--wp--preset--spacing--80);padding-bottom:var(--wp--preset--spacing--70);padding-left:var(--wp--preset--spacing--80)\" class=\"wp-block-video\"><video autoplay loop muted src=\"https:\/\/idei-lx.fr\/idei\/wp-content\/uploads\/2025\/11\/Hailuo_Video_rotation-720\u00b0-relief-animation_443915311694798854.mp4\"><\/video><\/figure>\n\n\n\n        <div id=\"map_ol3js_1\"\n       class=\"osm-map-container undefined\"\n             data-map_name=\"undefined\"\n             data-map=\"map_ol3js_1\"\n             data-autoshow=\"no\"\n             style=\"width:95%;\n                    max-width:100%;\n                    height:450px;\n                    display:block;\n                    overflow:hidden;\n                    border:thin solid blue;\">\n          <div id=\"map_ol3js_1_popup\" class=\"ol-popup\">\n            <a href=\"#\" id=\"map_ol3js_1_popup-closer\" class=\"ol-popup-closer\"><\/a>\n            <div id=\"map_ol3js_1_popup-content\"><\/div>\n          <\/div>\n        <\/div>\n    <script type=\"text\/javascript\">\n\t\t\t  vectorM['map_ol3js_1'] = [];\n\t        \n        var raster = getTileLayer(\"osm\",\"NoKey\");\t\t\t\n\n\t\t\t  var map_ol3js_1 = new ol.Map({\n\t\t\t\tinteractions: ol.interaction.defaults.defaults({mouseWheelZoom:false}),\n\t\t\t\tlayers: [raster],\n\t\t\t\ttarget: \"map_ol3js_1\",\n\t\t\t\tview: new ol.View({\n\t\t\t\t  center: ol.proj.transform([0.7174,44.4089], \"EPSG:4326\", \"EPSG:3857\"),\n\t\t\t\t  zoom: 13.9\n\t\t\t\t})\n\t\t\t  });\n\t\t\t  osm_addMarkerLayer(map_ol3js_1,0.7192,44.4099,\"https:\/\/idei-lx.fr\/idei\/wp-content\/plugins\/osm\/icons\/mic_blue_pinother_02.png\",-16,-41,\"<p>EURL <b>IDEI<\/b><br>30 rue de beurre<br>Villeneuve sur Lot<\/p>\") ; \naddControls2Map(map_ol3js_1,0,0,3,1,5,6,7,0,1);\nosm_addPopupClickhandler(map_ol3js_1,  \"map_ol3js_1\"); \nosm_addMouseHover(map_ol3js_1); <\/script>\n\n\n\n<figure class=\"wp-block-image alignright size-large is-resized eplus-iVNWk5 is-style-default edplus_anim-M3sb4C\"><img loading=\"lazy\" decoding=\"async\" width=\"931\" height=\"1024\" src=\"https:\/\/jcgarnier.ynh.fr\/blog\/wp-content\/uploads\/2021\/03\/LOGO-version-finale-931x1024.jpeg\" alt=\"Logo de l'entreprise Idei-lx : installation, d\u00e9pannage, \u00e9lectricit\u00e9, informatique.\" class=\"wp-image-281\" style=\"width:319px;height:350px\" srcset=\"https:\/\/idei-lx.fr\/idei\/wp-content\/uploads\/2021\/03\/LOGO-version-finale-931x1024.jpeg 931w, https:\/\/idei-lx.fr\/idei\/wp-content\/uploads\/2021\/03\/LOGO-version-finale-273x300.jpeg 273w, https:\/\/idei-lx.fr\/idei\/wp-content\/uploads\/2021\/03\/LOGO-version-finale-768x844.jpeg 768w, https:\/\/idei-lx.fr\/idei\/wp-content\/uploads\/2021\/03\/LOGO-version-finale.jpeg 1386w\" sizes=\"auto, (max-width: 931px) 100vw, 931px\" \/><\/figure>\n\n\n\n<p class=\"has-text-align-left eplus-9RS5Ax has-large-font-size\"><strong>Intervention sur rendez-vous <\/strong><\/p>\n\n\n\n<p>Pour prendre rendez-vous me contacter via :<\/p>\n\n\n\n<div class=\"wp-block-buttons eplus-cEKC9H is-layout-flex wp-block-buttons-is-layout-flex\">\n<div class=\"wp-block-button has-custom-width wp-block-button__width-75 wp-block-button__width-50 eplus-MUHY2L is-style-fill\"><a class=\"wp-block-button__link wp-element-button\" href=\"mailto:jgarnier@jcgarnier.ynh.fr\" target=\"_blank\" rel=\"noreferrer noopener\">courriel : jgarnier@idei-lx.fr<\/a><\/div>\n\n\n\n<div class=\"wp-block-button has-custom-width wp-block-button__width-75 wp-block-button__width-50 eplus-MUHY2L is-style-fill\"><a class=\"wp-block-button__link wp-element-button\" href=\"tel:0783684149\" target=\"_blank\" rel=\"noreferrer noopener\">t\u00e9l\u00e9phone : 07 83 68 41 49<\/a><\/div>\n<\/div>\n\n\n\n<p class=\"eplus-nhAMH7\">ou \u00e9crire votre demande dans la section commentaire ci-dessous.<\/p>\n","protected":false},"excerpt":{"rendered":"<p>Contact Intervention sur rendez-vous Pour prendre rendez-vous me contacter via : ou \u00e9crire votre demande dans la section commentaire ci-dessous.<\/p>\n","protected":false},"author":1,"featured_media":50,"parent":0,"menu_order":0,"comment_status":"open","ping_status":"closed","template":"","meta":{"site-sidebar-layout":"default","site-content-layout":"default","ast-site-content-layout":"default","site-content-style":"default","site-sidebar-style":"default","ast-global-header-display":"","ast-banner-title-visibility":"","ast-main-header-display":"","ast-hfb-above-header-display":"","ast-hfb-below-header-display":"","ast-hfb-mobile-header-display":"","site-post-title":"disabled","ast-breadcrumbs-content":"","ast-featured-img":"","footer-sml-layout":"","ast-disable-related-posts":"","theme-transparent-header-meta":"default","adv-header-id-meta":"","stick-header-meta":"","header-above-stick-meta":"","header-main-stick-meta":"","header-below-stick-meta":"","astra-migrate-meta-layouts":"set","ast-page-background-enabled":"default","ast-page-background-meta":{"desktop":{"background-color":"","background-image":"","background-repeat":"repeat","background-position":"center center","background-size":"auto","background-attachment":"scroll","background-type":"","background-media":"","overlay-type":"","overlay-color":"","overlay-opacity":"","overlay-gradient":""},"tablet":{"background-color":"","background-image":"","background-repeat":"repeat","background-position":"center center","background-size":"auto","background-attachment":"scroll","background-type":"","background-media":"","overlay-type":"","overlay-color":"","overlay-opacity":"","overlay-gradient":""},"mobile":{"background-color":"","background-image":"","background-repeat":"repeat","background-position":"center center","background-size":"auto","background-attachment":"scroll","background-type":"","background-media":"","overlay-type":"","overlay-color":"","overlay-opacity":"","overlay-gradient":""}},"ast-content-background-meta":{"desktop":{"background-color":"var(--ast-global-color-5)","background-image":"","background-repeat":"repeat","background-position":"center center","background-size":"auto","background-attachment":"scroll","background-type":"","background-media":"","overlay-type":"","overlay-color":"","overlay-opacity":"","overlay-gradient":""},"tablet":{"background-color":"var(--ast-global-color-5)","background-image":"","background-repeat":"repeat","background-position":"center center","background-size":"auto","background-attachment":"scroll","background-type":"","background-media":"","overlay-type":"","overlay-color":"","overlay-opacity":"","overlay-gradient":""},"mobile":{"background-color":"var(--ast-global-color-5)","background-image":"","background-repeat":"repeat","background-position":"center center","background-size":"auto","background-attachment":"scroll","background-type":"","background-media":"","overlay-type":"","overlay-color":"","overlay-opacity":"","overlay-gradient":""}},"footnotes":""},"class_list":["post-7","page","type-page","status-publish","has-post-thumbnail","hentry"],"yoast_head":"<!-- This site is optimized with the Yoast SEO plugin v27.4 - https:\/\/yoast.com\/product\/yoast-seo-wordpress\/ -->\n<title>Contact - \u00c9lectricien \u00e0 Villeneuve sur Lot<\/title>\n<meta name=\"description\" content=\"contact - IDEI - \u00e9lectricien - d\u00e9pannage - informatique - autoentrepreneur - micro entreprise - Linux - formation - logiciel libre\" \/>\n<meta name=\"robots\" content=\"index, follow, max-snippet:-1, max-image-preview:large, max-video-preview:-1\" \/>\n<link rel=\"canonical\" href=\"https:\/\/idei-lx.fr\/idei\/contact\/\" \/>\n<meta property=\"og:locale\" content=\"fr_FR\" \/>\n<meta property=\"og:type\" content=\"article\" \/>\n<meta property=\"og:title\" content=\"Contact - \u00c9lectricien \u00e0 Villeneuve sur Lot\" \/>\n<meta property=\"og:description\" content=\"contact - IDEI - \u00e9lectricien - d\u00e9pannage - informatique - autoentrepreneur - micro entreprise - Linux - formation - logiciel libre\" \/>\n<meta property=\"og:url\" content=\"https:\/\/idei-lx.fr\/idei\/contact\/\" \/>\n<meta property=\"og:site_name\" content=\"\u00c9lectricien \u00e0 Villeneuve sur Lot\" \/>\n<meta property=\"article:publisher\" content=\"https:\/\/www.facebook.com\/profile.php?id=100074245192342\" \/>\n<meta property=\"article:modified_time\" content=\"2025-11-09T15:12:11+00:00\" \/>\n<meta property=\"og:image\" content=\"https:\/\/idei-lx.fr\/idei\/wp-content\/uploads\/2021\/03\/LOGO-Txt-version-finale.png\" \/>\n\t<meta property=\"og:image:width\" content=\"1018\" \/>\n\t<meta property=\"og:image:height\" content=\"636\" \/>\n\t<meta property=\"og:image:type\" content=\"image\/png\" \/>\n<meta name=\"twitter:card\" content=\"summary_large_image\" \/>\n<meta name=\"twitter:image\" content=\"https:\/\/idei-lx.fr\/idei\/wp-content\/uploads\/2021\/03\/cropped-LOGO-Graph-version-finale.png\" \/>\n<meta name=\"twitter:label1\" content=\"Dur\u00e9e de lecture estim\u00e9e\" \/>\n\t<meta name=\"twitter:data1\" content=\"1 minute\" \/>\n<script type=\"application\/ld+json\" class=\"yoast-schema-graph\">{\"@context\":\"https:\\\/\\\/schema.org\",\"@graph\":[{\"@type\":\"WebPage\",\"@id\":\"https:\\\/\\\/idei-lx.fr\\\/idei\\\/contact\\\/\",\"url\":\"https:\\\/\\\/idei-lx.fr\\\/idei\\\/contact\\\/\",\"name\":\"Contact - \u00c9lectricien \u00e0 Villeneuve sur Lot\",\"isPartOf\":{\"@id\":\"https:\\\/\\\/idei-lx.fr\\\/idei\\\/#website\"},\"primaryImageOfPage\":{\"@id\":\"https:\\\/\\\/idei-lx.fr\\\/idei\\\/contact\\\/#primaryimage\"},\"image\":{\"@id\":\"https:\\\/\\\/idei-lx.fr\\\/idei\\\/contact\\\/#primaryimage\"},\"thumbnailUrl\":\"https:\\\/\\\/idei-lx.fr\\\/idei\\\/wp-content\\\/uploads\\\/2021\\\/02\\\/images.jpeg\",\"datePublished\":\"2021-02-03T16:55:39+00:00\",\"dateModified\":\"2025-11-09T15:12:11+00:00\",\"description\":\"contact - IDEI - \u00e9lectricien - d\u00e9pannage - informatique - autoentrepreneur - micro entreprise - Linux - formation - logiciel libre\",\"breadcrumb\":{\"@id\":\"https:\\\/\\\/idei-lx.fr\\\/idei\\\/contact\\\/#breadcrumb\"},\"inLanguage\":\"fr-FR\",\"potentialAction\":[{\"@type\":\"ReadAction\",\"target\":[\"https:\\\/\\\/idei-lx.fr\\\/idei\\\/contact\\\/\"]}]},{\"@type\":\"ImageObject\",\"inLanguage\":\"fr-FR\",\"@id\":\"https:\\\/\\\/idei-lx.fr\\\/idei\\\/contact\\\/#primaryimage\",\"url\":\"https:\\\/\\\/idei-lx.fr\\\/idei\\\/wp-content\\\/uploads\\\/2021\\\/02\\\/images.jpeg\",\"contentUrl\":\"https:\\\/\\\/idei-lx.fr\\\/idei\\\/wp-content\\\/uploads\\\/2021\\\/02\\\/images.jpeg\",\"width\":202,\"height\":249},{\"@type\":\"BreadcrumbList\",\"@id\":\"https:\\\/\\\/idei-lx.fr\\\/idei\\\/contact\\\/#breadcrumb\",\"itemListElement\":[{\"@type\":\"ListItem\",\"position\":1,\"name\":\"Accueil\",\"item\":\"https:\\\/\\\/idei-lx.fr\\\/idei\\\/\"},{\"@type\":\"ListItem\",\"position\":2,\"name\":\"Contact\"}]},{\"@type\":\"WebSite\",\"@id\":\"https:\\\/\\\/idei-lx.fr\\\/idei\\\/#website\",\"url\":\"https:\\\/\\\/idei-lx.fr\\\/idei\\\/\",\"name\":\"\u00c9lectricien \u00e0 Villeneuve sur Lot\",\"description\":\"d\u00e9pannage &amp; r\u00e9novation \u00e9lectriques\",\"publisher\":{\"@id\":\"https:\\\/\\\/idei-lx.fr\\\/idei\\\/#organization\"},\"alternateName\":\"idei\",\"potentialAction\":[{\"@type\":\"SearchAction\",\"target\":{\"@type\":\"EntryPoint\",\"urlTemplate\":\"https:\\\/\\\/idei-lx.fr\\\/idei\\\/?s={search_term_string}\"},\"query-input\":{\"@type\":\"PropertyValueSpecification\",\"valueRequired\":true,\"valueName\":\"search_term_string\"}}],\"inLanguage\":\"fr-FR\"},{\"@type\":\"Organization\",\"@id\":\"https:\\\/\\\/idei-lx.fr\\\/idei\\\/#organization\",\"name\":\"IDEI-LX\",\"alternateName\":\"\u00c9lectricien \u00e0 Villeneuve sur Lot\",\"url\":\"https:\\\/\\\/idei-lx.fr\\\/idei\\\/\",\"logo\":{\"@type\":\"ImageObject\",\"inLanguage\":\"fr-FR\",\"@id\":\"https:\\\/\\\/idei-lx.fr\\\/idei\\\/#\\\/schema\\\/logo\\\/image\\\/\",\"url\":\"https:\\\/\\\/idei-lx.fr\\\/idei\\\/wp-content\\\/uploads\\\/2021\\\/03\\\/cropped-LOGO-Graph-version-finale.png\",\"contentUrl\":\"https:\\\/\\\/idei-lx.fr\\\/idei\\\/wp-content\\\/uploads\\\/2021\\\/03\\\/cropped-LOGO-Graph-version-finale.png\",\"width\":487,\"height\":549,\"caption\":\"IDEI-LX\"},\"image\":{\"@id\":\"https:\\\/\\\/idei-lx.fr\\\/idei\\\/#\\\/schema\\\/logo\\\/image\\\/\"},\"sameAs\":[\"https:\\\/\\\/www.facebook.com\\\/profile.php?id=100074245192342\"]}]}<\/script>\n<!-- \/ Yoast SEO plugin. -->","yoast_head_json":{"title":"Contact - \u00c9lectricien \u00e0 Villeneuve sur Lot","description":"contact - IDEI - \u00e9lectricien - d\u00e9pannage - informatique - autoentrepreneur - micro entreprise - Linux - formation - logiciel libre","robots":{"index":"index","follow":"follow","max-snippet":"max-snippet:-1","max-image-preview":"max-image-preview:large","max-video-preview":"max-video-preview:-1"},"canonical":"https:\/\/idei-lx.fr\/idei\/contact\/","og_locale":"fr_FR","og_type":"article","og_title":"Contact - \u00c9lectricien \u00e0 Villeneuve sur Lot","og_description":"contact - IDEI - \u00e9lectricien - d\u00e9pannage - informatique - autoentrepreneur - micro entreprise - Linux - formation - logiciel libre","og_url":"https:\/\/idei-lx.fr\/idei\/contact\/","og_site_name":"\u00c9lectricien \u00e0 Villeneuve sur Lot","article_publisher":"https:\/\/www.facebook.com\/profile.php?id=100074245192342","article_modified_time":"2025-11-09T15:12:11+00:00","og_image":[{"width":1018,"height":636,"url":"https:\/\/idei-lx.fr\/idei\/wp-content\/uploads\/2021\/03\/LOGO-Txt-version-finale.png","type":"image\/png"}],"twitter_card":"summary_large_image","twitter_image":"https:\/\/idei-lx.fr\/idei\/wp-content\/uploads\/2021\/03\/cropped-LOGO-Graph-version-finale.png","twitter_misc":{"Dur\u00e9e de lecture estim\u00e9e":"1 minute"},"schema":{"@context":"https:\/\/schema.org","@graph":[{"@type":"WebPage","@id":"https:\/\/idei-lx.fr\/idei\/contact\/","url":"https:\/\/idei-lx.fr\/idei\/contact\/","name":"Contact - \u00c9lectricien \u00e0 Villeneuve sur Lot","isPartOf":{"@id":"https:\/\/idei-lx.fr\/idei\/#website"},"primaryImageOfPage":{"@id":"https:\/\/idei-lx.fr\/idei\/contact\/#primaryimage"},"image":{"@id":"https:\/\/idei-lx.fr\/idei\/contact\/#primaryimage"},"thumbnailUrl":"https:\/\/idei-lx.fr\/idei\/wp-content\/uploads\/2021\/02\/images.jpeg","datePublished":"2021-02-03T16:55:39+00:00","dateModified":"2025-11-09T15:12:11+00:00","description":"contact - IDEI - \u00e9lectricien - d\u00e9pannage - informatique - autoentrepreneur - micro entreprise - Linux - formation - logiciel libre","breadcrumb":{"@id":"https:\/\/idei-lx.fr\/idei\/contact\/#breadcrumb"},"inLanguage":"fr-FR","potentialAction":[{"@type":"ReadAction","target":["https:\/\/idei-lx.fr\/idei\/contact\/"]}]},{"@type":"ImageObject","inLanguage":"fr-FR","@id":"https:\/\/idei-lx.fr\/idei\/contact\/#primaryimage","url":"https:\/\/idei-lx.fr\/idei\/wp-content\/uploads\/2021\/02\/images.jpeg","contentUrl":"https:\/\/idei-lx.fr\/idei\/wp-content\/uploads\/2021\/02\/images.jpeg","width":202,"height":249},{"@type":"BreadcrumbList","@id":"https:\/\/idei-lx.fr\/idei\/contact\/#breadcrumb","itemListElement":[{"@type":"ListItem","position":1,"name":"Accueil","item":"https:\/\/idei-lx.fr\/idei\/"},{"@type":"ListItem","position":2,"name":"Contact"}]},{"@type":"WebSite","@id":"https:\/\/idei-lx.fr\/idei\/#website","url":"https:\/\/idei-lx.fr\/idei\/","name":"\u00c9lectricien \u00e0 Villeneuve sur Lot","description":"d\u00e9pannage &amp; r\u00e9novation \u00e9lectriques","publisher":{"@id":"https:\/\/idei-lx.fr\/idei\/#organization"},"alternateName":"idei","potentialAction":[{"@type":"SearchAction","target":{"@type":"EntryPoint","urlTemplate":"https:\/\/idei-lx.fr\/idei\/?s={search_term_string}"},"query-input":{"@type":"PropertyValueSpecification","valueRequired":true,"valueName":"search_term_string"}}],"inLanguage":"fr-FR"},{"@type":"Organization","@id":"https:\/\/idei-lx.fr\/idei\/#organization","name":"IDEI-LX","alternateName":"\u00c9lectricien \u00e0 Villeneuve sur Lot","url":"https:\/\/idei-lx.fr\/idei\/","logo":{"@type":"ImageObject","inLanguage":"fr-FR","@id":"https:\/\/idei-lx.fr\/idei\/#\/schema\/logo\/image\/","url":"https:\/\/idei-lx.fr\/idei\/wp-content\/uploads\/2021\/03\/cropped-LOGO-Graph-version-finale.png","contentUrl":"https:\/\/idei-lx.fr\/idei\/wp-content\/uploads\/2021\/03\/cropped-LOGO-Graph-version-finale.png","width":487,"height":549,"caption":"IDEI-LX"},"image":{"@id":"https:\/\/idei-lx.fr\/idei\/#\/schema\/logo\/image\/"},"sameAs":["https:\/\/www.facebook.com\/profile.php?id=100074245192342"]}]}},"_links":{"self":[{"href":"https:\/\/idei-lx.fr\/idei\/wp-json\/wp\/v2\/pages\/7","targetHints":{"allow":["GET"]}}],"collection":[{"href":"https:\/\/idei-lx.fr\/idei\/wp-json\/wp\/v2\/pages"}],"about":[{"href":"https:\/\/idei-lx.fr\/idei\/wp-json\/wp\/v2\/types\/page"}],"author":[{"embeddable":true,"href":"https:\/\/idei-lx.fr\/idei\/wp-json\/wp\/v2\/users\/1"}],"replies":[{"embeddable":true,"href":"https:\/\/idei-lx.fr\/idei\/wp-json\/wp\/v2\/comments?post=7"}],"version-history":[{"count":46,"href":"https:\/\/idei-lx.fr\/idei\/wp-json\/wp\/v2\/pages\/7\/revisions"}],"predecessor-version":[{"id":1427,"href":"https:\/\/idei-lx.fr\/idei\/wp-json\/wp\/v2\/pages\/7\/revisions\/1427"}],"wp:featuredmedia":[{"embeddable":true,"href":"https:\/\/idei-lx.fr\/idei\/wp-json\/wp\/v2\/media\/50"}],"wp:attachment":[{"href":"https:\/\/idei-lx.fr\/idei\/wp-json\/wp\/v2\/media?parent=7"}],"curies":[{"name":"wp","href":"https:\/\/api.w.org\/{rel}","templated":true}]}}